{"id":2008,"date":"2024-02-08T11:04:32","date_gmt":"2024-02-08T10:04:32","guid":{"rendered":"https:\/\/www.centrevetgeneve.ch\/?page_id=2008"},"modified":"2024-02-08T11:05:48","modified_gmt":"2024-02-08T10:05:48","slug":"impressum","status":"publish","type":"page","link":"https:\/\/www.centrevetgeneve.ch\/de\/impressum\/","title":{"rendered":"Impressum"},"content":{"rendered":"<div data-elementor-type=\"wp-page\" data-elementor-id=\"2008\" class=\"elementor elementor-2008\" data-elementor-post-type=\"page\">\n\t\t\t\t<div class=\"elementor-element elementor-element-02b729f e-flex e-con-boxed e-con e-parent\" data-id=\"02b729f\" data-element_type=\"container\" data-e-type=\"container\">\n\t\t\t\t\t<div class=\"e-con-inner\">\n\t\t\t\t<div class=\"elementor-element elementor-element-cebafdb elementor-widget elementor-widget-heading\" data-id=\"cebafdb\" data-element_type=\"widget\" data-e-type=\"widget\" data-widget_type=\"heading.default\">\n\t\t\t\t<div class=\"elementor-widget-container\">\n\t\t\t\t\t<h1 class=\"elementor-heading-title elementor-size-default\">Impressum<\/h1>\t\t\t\t<\/div>\n\t\t\t\t<\/div>\n\t\t\t\t<div class=\"elementor-element elementor-element-80e5fc9 elementor-widget elementor-widget-text-editor\" data-id=\"80e5fc9\" data-element_type=\"widget\" data-e-type=\"widget\" data-widget_type=\"text-editor.default\">\n\t\t\t\t<div class=\"elementor-widget-container\">\n\t\t\t\t\t\t\t\t\t<h3><b>DESIGN UND PRODUKTION KOKOMMUNIKATION SA<\/b><\/h3><p><span style=\"font-weight: 400;\">39, route du Jorat<\/span><\/p><p><span style=\"font-weight: 400;\">1000 Lausanne 27<\/span><\/p><p><span style=\"font-weight: 400;\">+41 (0)21 544 58 20<\/span><\/p><p><span style=\"font-weight: 400;\">info@coommunication.com<\/span><\/p><p><span style=\"font-weight: 400;\">www.coommunication.com<\/span><\/p><p>\u00a0<\/p><h3><b>HAFTUNGSAUSSCHLUSS<\/b><\/h3><p><span style=\"font-weight: 400;\">Der Autor \u00fcbernimmt keinerlei Gew\u00e4hr hinsichtlich der inhaltlichen Richtigkeit, Genauigkeit, Aktualit\u00e4t, Zuverl\u00e4ssigkeit und Vollst\u00e4ndigkeit der Informationen. Haftungsanspr\u00fcche gegen den Autor wegen Sch\u00e4den materieller oder immaterieller Art, welche aus dem Zugriff oder der Nutzung bzw. Nichtnutzung der ver\u00f6ffentlichten Informationen, durch Missbrauch der Verbindung oder durch technische St\u00f6rungen entstanden sind, werden ausgeschlossen. Alle Angebote sind freibleibend und unverbindlich. Der Autor beh\u00e4lt es sich ausdr\u00fccklich vor, Teile der Seiten oder das gesamte Angebot ohne gesonderte Ank\u00fcndigung zu ver\u00e4ndern, zu erg\u00e4nzen, zu l\u00f6schen oder die Ver\u00f6ffentlichung zeitweise oder endg\u00fcltig einzustellen.<\/span><\/p><h3><b>\u00a0<\/b><\/h3><h3><b>VERANTWORTUNG F\u00dcR LINKS<\/b><\/h3><p><span style=\"font-weight: 400;\">Verweise und Links zu Webseiten Dritter liegen au\u00dferhalb unseres Verantwortungsbereichs. Jegliche Haftung f\u00fcr diese Websites wird abgelehnt. Der Zugriff auf und die Nutzung dieser Websites erfolgt auf eigenes Risiko des Nutzers.<\/span><\/p><h3><b>\u00a0<\/b><\/h3><h3><b>URHEBERRECHTE<\/b><\/h3><p><span style=\"font-weight: 400;\">Das Urheberrecht und alle anderen Rechte an den Inhalten, Bildern, Fotos oder anderen Dateien auf der Website liegen ausschlie\u00dflich bei <\/span><b>Vet Genf<\/b><span style=\"font-weight: 400;\">\u00a0oder den speziell benannten Rechteinhabern. Die schriftliche Zustimmung des Urheberrechtsinhabers muss vorab eingeholt werden, wenn ein Material vervielf\u00e4ltigt werden soll.<\/span><\/p><p><span style=\"font-weight: 400;\">\u00a0<\/span><\/p><h3><b>DATENSCHUTZ<\/b><\/h3><p><span style=\"font-weight: 400;\">Gem\u00e4ss Artikel 13 der Schweizerischen Bundesverfassung und den Datenschutzbestimmungen des Bundes (Datenschutzgesetz, DSGVO) hat jede Person das Recht auf Schutz ihrer Privatsph\u00e4re und auf Schutz vor Missbrauch ihrer pers\u00f6nlichen Daten. Wir halten uns an diese Regelungen. Pers\u00f6nliche Daten werden vertraulich behandelt und nicht an Dritte verkauft oder weitergegeben. In enger Zusammenarbeit mit unseren Hosting-Providern bem\u00fchen wir uns, die Datenbanken so gut wie m\u00f6glich vor Fremdzugriff, Verlust, Missbrauch oder F\u00e4lschung zu sch\u00fctzen. Beim Zugriff auf unsere Website werden folgende Daten in Protokolldateien gespeichert: IP-Adresse, Datum, Uhrzeit, Browser-Anfrage und allgemein \u00fcbertragene Informationen \u00fcber das Betriebssystem oder den Browser. Diese Nutzungsdaten bilden die Grundlage f\u00fcr statistische und anonymisierte Auswertungen, um Trends zu erkennen, auf deren Basis wir unsere Angebote entsprechend verbessern k\u00f6nnen.<\/span><\/p><p><span style=\"font-weight: 400;\">\u00a0<\/span><\/p><h3><b>DATENSCHUTZERKL\u00c4RUNG F\u00dcR DIE NUTZUNG VON FACEBOOK-PLUGINS (WIE DER BUTTON)<\/b><\/h3><p><span style=\"font-weight: 400;\">Auf unserer Webseite sind Plugins des sozialen Netzwerks Facebook, 1601 South California Avenue, Palo Alto, CA 94304, USA eingebunden. Die Facebook-Plugins sind an dem Facebook-Logo oder dem \"Gef\u00e4llt mir\"-Button auf unserer Webseite erkennbar. Eine \u00dcbersicht \u00fcber die Facebook-Plugins findest du hier: http:\/\/developers.facebook.com\/docs\/plugins\/. Wenn Sie unsere Webseite besuchen, baut das Plugin eine direkte Verbindung zwischen Ihrem Browser und dem Facebook-Server auf. Facebook erh\u00e4lt mit Ihrer IP-Adresse die Information, dass Sie unsere Website besucht haben. Wenn Sie auf den Facebook \"Gef\u00e4llt mir\"-Button klicken, w\u00e4hrend Sie in Ihrem Facebook-Konto eingeloggt sind, k\u00f6nnen Sie die Inhalte unserer Seiten mit Ihrem Facebook-Profil verlinken. Dadurch kann Facebook Ihren Besuch auf unserer Webseite Ihrem Benutzerkonto zuordnen. Wir m\u00f6chten darauf hinweisen, dass wir als Anbieter der Webseite keine Kenntnis vom Inhalt der \u00fcbermittelten Daten sowie deren Nutzung durch Facebook erhalten. Weitere Informationen findest du in den Datenschutzrichtlinien von Facebook unter https:\/\/www.facebook.com\/about\/privacy\/. Wenn du nicht m\u00f6chtest, dass Facebook deinen Besuch auf unserer Webseite deinem Facebook-Benutzerkonto zuordnen kann, logge dich bitte aus deinem Facebook-Benutzerkonto aus.<\/span><\/p><p>\u00a0<\/p><h3><b>DATENSCHUTZERKL\u00c4RUNG F\u00dcR DIE NUTZUNG VON GOOGLE ANALYTICS<\/b><\/h3><p><span style=\"font-weight: 400;\">Diese Website benutzt Google Analytics, einen Webanalysedienst der Google Inc. (\"Google\"). Google Analytics verwendet sog. \"Cookies\", Textdateien, die auf Ihrem Computer gespeichert werden und die eine Analyse der Benutzung der Website durch Sie erm\u00f6glichen. Die durch den Cookie erzeugten Informationen \u00fcber Ihre Benutzung dieser Website werden in der Regel an einen Server von Google in den USA \u00fcbertragen und dort gespeichert. Im Falle der Aktivierung der IP-Anonymisierung auf dieser Website, wird Ihre IP-Adresse von Google jedoch innerhalb von Mitgliedstaaten der Europ\u00e4ischen Union oder in anderen Vertragsstaaten des Abkommens \u00fcber den Europ\u00e4ischen Wirtschaftsraum zuvor gek\u00fcrzt. Die vollst\u00e4ndige IP-Adresse wird nur an einen Google-Server in den USA \u00fcbertragen und dort nur in Ausnahmef\u00e4llen gek\u00fcrzt. Google wird diese Informationen benutzen, um Ihre Nutzung der Website auszuwerten, um Reports \u00fcber die Websiteaktivit\u00e4ten f\u00fcr die Websitebetreiber zusammenzustellen und um weitere mit der Websitenutzung und der Internetnutzung verbundene Dienstleistungen zu erbringen. Google kann diese Informationen auch an Dritte weitergeben, wenn dies gesetzlich vorgeschrieben ist oder wenn Dritte diese Daten im Auftrag von Google verarbeiten. Die von Ihrem Browser im Rahmen von Google Analytics \u00fcbermittelte IP-Adresse wird nicht mit anderen geteilt.<\/span><\/p>\t\t\t\t\t\t\t\t<\/div>\n\t\t\t\t<\/div>\n\t\t\t\t\t<\/div>\n\t\t\t\t<\/div>\n\t\t\t\t<\/div>","protected":false},"excerpt":{"rendered":"<p>Impressum DESIGN ET PRODUCTION COOMMUNICATION SA 39, route du Jorat 1000 Lausanne 27 +41 (0)21 544 58 20 info@coommunication.com www.coommunication.com \u00a0 AVIS DE NON-RESPONSABILIT\u00c9 L\u2019auteur d\u00e9cline toute responsabilit\u00e9 quant \u00e0 l\u2019exactitude, l\u2019actualit\u00e9, la fiabilit\u00e9 et l\u2019exhaustivit\u00e9 des informations. Les demandes de responsabilit\u00e9 contre l\u2019auteur en raison de dommages mat\u00e9riels ou immat\u00e9riels r\u00e9sultant de l\u2019acc\u00e8s, de [&hellip;]<\/p>\n","protected":false},"author":2,"featured_media":0,"parent":0,"menu_order":0,"comment_status":"closed","ping_status":"closed","template":"elementor_header_footer","meta":{"footnotes":""},"class_list":["post-2008","page","type-page","status-publish","hentry"],"yoast_head":"<!-- This site is optimized with the Yoast SEO plugin v27.3 - https:\/\/yoast.com\/product\/yoast-seo-wordpress\/ -->\n<title>Impressum - Centre VetGen\u00e8ve<\/title>\n<meta name=\"robots\" content=\"index, follow, max-snippet:-1, max-image-preview:large, max-video-preview:-1\" \/>\n<link rel=\"canonical\" href=\"https:\/\/www.centrevetgeneve.ch\/de\/impressum\/\" \/>\n<meta property=\"og:locale\" content=\"de_DE\" \/>\n<meta property=\"og:type\" content=\"article\" \/>\n<meta property=\"og:title\" content=\"Impressum - Centre VetGen\u00e8ve\" \/>\n<meta property=\"og:description\" content=\"Impressum DESIGN ET PRODUCTION COOMMUNICATION SA 39, route du Jorat 1000 Lausanne 27 +41 (0)21 544 58 20 info@coommunication.com www.coommunication.com \u00a0 AVIS DE NON-RESPONSABILIT\u00c9 L\u2019auteur d\u00e9cline toute responsabilit\u00e9 quant \u00e0 l\u2019exactitude, l\u2019actualit\u00e9, la fiabilit\u00e9 et l\u2019exhaustivit\u00e9 des informations. Les demandes de responsabilit\u00e9 contre l\u2019auteur en raison de dommages mat\u00e9riels ou immat\u00e9riels r\u00e9sultant de l\u2019acc\u00e8s, de [&hellip;]\" \/>\n<meta property=\"og:url\" content=\"https:\/\/www.centrevetgeneve.ch\/de\/impressum\/\" \/>\n<meta property=\"og:site_name\" content=\"Centre VetGen\u00e8ve\" \/>\n<meta property=\"article:publisher\" content=\"https:\/\/www.facebook.com\/VetGeneve\" \/>\n<meta property=\"article:modified_time\" content=\"2024-02-08T10:05:48+00:00\" \/>\n<meta name=\"twitter:card\" content=\"summary_large_image\" \/>\n<meta name=\"twitter:label1\" content=\"Gesch\u00e4tzte Lesezeit\" \/>\n\t<meta name=\"twitter:data1\" content=\"5\u00a0Minuten\" \/>\n<script type=\"application\/ld+json\" class=\"yoast-schema-graph\">{\"@context\":\"https:\\\/\\\/schema.org\",\"@graph\":[{\"@type\":\"WebPage\",\"@id\":\"https:\\\/\\\/www.centrevetgeneve.ch\\\/impressum\\\/\",\"url\":\"https:\\\/\\\/www.centrevetgeneve.ch\\\/impressum\\\/\",\"name\":\"Impressum - Centre VetGen\u00e8ve\",\"isPartOf\":{\"@id\":\"https:\\\/\\\/www.centrevetgeneve.ch\\\/#website\"},\"datePublished\":\"2024-02-08T10:04:32+00:00\",\"dateModified\":\"2024-02-08T10:05:48+00:00\",\"breadcrumb\":{\"@id\":\"https:\\\/\\\/www.centrevetgeneve.ch\\\/impressum\\\/#breadcrumb\"},\"inLanguage\":\"de\",\"potentialAction\":[{\"@type\":\"ReadAction\",\"target\":[\"https:\\\/\\\/www.centrevetgeneve.ch\\\/impressum\\\/\"]}]},{\"@type\":\"BreadcrumbList\",\"@id\":\"https:\\\/\\\/www.centrevetgeneve.ch\\\/impressum\\\/#breadcrumb\",\"itemListElement\":[{\"@type\":\"ListItem\",\"position\":1,\"name\":\"Accueil\",\"item\":\"https:\\\/\\\/www.centrevetgeneve.ch\\\/\"},{\"@type\":\"ListItem\",\"position\":2,\"name\":\"Impressum\"}]},{\"@type\":\"WebSite\",\"@id\":\"https:\\\/\\\/www.centrevetgeneve.ch\\\/#website\",\"url\":\"https:\\\/\\\/www.centrevetgeneve.ch\\\/\",\"name\":\"Centre VetGen\u00e8ve\",\"description\":\"\",\"publisher\":{\"@id\":\"https:\\\/\\\/www.centrevetgeneve.ch\\\/#organization\"},\"potentialAction\":[{\"@type\":\"SearchAction\",\"target\":{\"@type\":\"EntryPoint\",\"urlTemplate\":\"https:\\\/\\\/www.centrevetgeneve.ch\\\/?s={search_term_string}\"},\"query-input\":{\"@type\":\"PropertyValueSpecification\",\"valueRequired\":true,\"valueName\":\"search_term_string\"}}],\"inLanguage\":\"de\"},{\"@type\":\"Organization\",\"@id\":\"https:\\\/\\\/www.centrevetgeneve.ch\\\/#organization\",\"name\":\"Centre VetGen\u00e8ve\",\"url\":\"https:\\\/\\\/www.centrevetgeneve.ch\\\/\",\"logo\":{\"@type\":\"ImageObject\",\"inLanguage\":\"de\",\"@id\":\"https:\\\/\\\/www.centrevetgeneve.ch\\\/#\\\/schema\\\/logo\\\/image\\\/\",\"url\":\"https:\\\/\\\/www.centrevetgeneve.ch\\\/wp-content\\\/uploads\\\/2023\\\/12\\\/vetgeneve_logo_horizontal_rvb.svg\",\"contentUrl\":\"https:\\\/\\\/www.centrevetgeneve.ch\\\/wp-content\\\/uploads\\\/2023\\\/12\\\/vetgeneve_logo_horizontal_rvb.svg\",\"caption\":\"Centre VetGen\u00e8ve\"},\"image\":{\"@id\":\"https:\\\/\\\/www.centrevetgeneve.ch\\\/#\\\/schema\\\/logo\\\/image\\\/\"},\"sameAs\":[\"https:\\\/\\\/www.facebook.com\\\/VetGeneve\"]}]}<\/script>\n<!-- \/ Yoast SEO plugin. -->","yoast_head_json":{"title":"Impressum - Centre VetGen\u00e8ve","robots":{"index":"index","follow":"follow","max-snippet":"max-snippet:-1","max-image-preview":"max-image-preview:large","max-video-preview":"max-video-preview:-1"},"canonical":"https:\/\/www.centrevetgeneve.ch\/de\/impressum\/","og_locale":"de_DE","og_type":"article","og_title":"Impressum - Centre VetGen\u00e8ve","og_description":"Impressum DESIGN ET PRODUCTION COOMMUNICATION SA 39, route du Jorat 1000 Lausanne 27 +41 (0)21 544 58 20 info@coommunication.com www.coommunication.com \u00a0 AVIS DE NON-RESPONSABILIT\u00c9 L\u2019auteur d\u00e9cline toute responsabilit\u00e9 quant \u00e0 l\u2019exactitude, l\u2019actualit\u00e9, la fiabilit\u00e9 et l\u2019exhaustivit\u00e9 des informations. Les demandes de responsabilit\u00e9 contre l\u2019auteur en raison de dommages mat\u00e9riels ou immat\u00e9riels r\u00e9sultant de l\u2019acc\u00e8s, de [&hellip;]","og_url":"https:\/\/www.centrevetgeneve.ch\/de\/impressum\/","og_site_name":"Centre VetGen\u00e8ve","article_publisher":"https:\/\/www.facebook.com\/VetGeneve","article_modified_time":"2024-02-08T10:05:48+00:00","twitter_card":"summary_large_image","twitter_misc":{"Gesch\u00e4tzte Lesezeit":"5\u00a0Minuten"},"schema":{"@context":"https:\/\/schema.org","@graph":[{"@type":"WebPage","@id":"https:\/\/www.centrevetgeneve.ch\/impressum\/","url":"https:\/\/www.centrevetgeneve.ch\/impressum\/","name":"Impressum - Centre VetGen\u00e8ve","isPartOf":{"@id":"https:\/\/www.centrevetgeneve.ch\/#website"},"datePublished":"2024-02-08T10:04:32+00:00","dateModified":"2024-02-08T10:05:48+00:00","breadcrumb":{"@id":"https:\/\/www.centrevetgeneve.ch\/impressum\/#breadcrumb"},"inLanguage":"de","potentialAction":[{"@type":"ReadAction","target":["https:\/\/www.centrevetgeneve.ch\/impressum\/"]}]},{"@type":"BreadcrumbList","@id":"https:\/\/www.centrevetgeneve.ch\/impressum\/#breadcrumb","itemListElement":[{"@type":"ListItem","position":1,"name":"Accueil","item":"https:\/\/www.centrevetgeneve.ch\/"},{"@type":"ListItem","position":2,"name":"Impressum"}]},{"@type":"WebSite","@id":"https:\/\/www.centrevetgeneve.ch\/#website","url":"https:\/\/www.centrevetgeneve.ch\/","name":"VetZentrumGenf","description":"","publisher":{"@id":"https:\/\/www.centrevetgeneve.ch\/#organization"},"potentialAction":[{"@type":"SearchAction","target":{"@type":"EntryPoint","urlTemplate":"https:\/\/www.centrevetgeneve.ch\/?s={search_term_string}"},"query-input":{"@type":"PropertyValueSpecification","valueRequired":true,"valueName":"search_term_string"}}],"inLanguage":"de"},{"@type":"Organization","@id":"https:\/\/www.centrevetgeneve.ch\/#organization","name":"VetZentrumGenf","url":"https:\/\/www.centrevetgeneve.ch\/","logo":{"@type":"ImageObject","inLanguage":"de","@id":"https:\/\/www.centrevetgeneve.ch\/#\/schema\/logo\/image\/","url":"https:\/\/www.centrevetgeneve.ch\/wp-content\/uploads\/2023\/12\/vetgeneve_logo_horizontal_rvb.svg","contentUrl":"https:\/\/www.centrevetgeneve.ch\/wp-content\/uploads\/2023\/12\/vetgeneve_logo_horizontal_rvb.svg","caption":"Centre VetGen\u00e8ve"},"image":{"@id":"https:\/\/www.centrevetgeneve.ch\/#\/schema\/logo\/image\/"},"sameAs":["https:\/\/www.facebook.com\/VetGeneve"]}]}},"_links":{"self":[{"href":"https:\/\/www.centrevetgeneve.ch\/de\/wp-json\/wp\/v2\/pages\/2008","targetHints":{"allow":["GET"]}}],"collection":[{"href":"https:\/\/www.centrevetgeneve.ch\/de\/wp-json\/wp\/v2\/pages"}],"about":[{"href":"https:\/\/www.centrevetgeneve.ch\/de\/wp-json\/wp\/v2\/types\/page"}],"author":[{"embeddable":true,"href":"https:\/\/www.centrevetgeneve.ch\/de\/wp-json\/wp\/v2\/users\/2"}],"replies":[{"embeddable":true,"href":"https:\/\/www.centrevetgeneve.ch\/de\/wp-json\/wp\/v2\/comments?post=2008"}],"version-history":[{"count":4,"href":"https:\/\/www.centrevetgeneve.ch\/de\/wp-json\/wp\/v2\/pages\/2008\/revisions"}],"predecessor-version":[{"id":2014,"href":"https:\/\/www.centrevetgeneve.ch\/de\/wp-json\/wp\/v2\/pages\/2008\/revisions\/2014"}],"wp:attachment":[{"href":"https:\/\/www.centrevetgeneve.ch\/de\/wp-json\/wp\/v2\/media?parent=2008"}],"curies":[{"name":"wp","href":"https:\/\/api.w.org\/{rel}","templated":true}]}}