{"id":2008,"date":"2024-02-08T11:04:32","date_gmt":"2024-02-08T10:04:32","guid":{"rendered":"https:\/\/www.centrevetgeneve.ch\/?page_id=2008"},"modified":"2024-02-08T11:05:48","modified_gmt":"2024-02-08T10:05:48","slug":"impressum","status":"publish","type":"page","link":"https:\/\/www.centrevetgeneve.ch\/es\/impressum\/","title":{"rendered":"Impresionante"},"content":{"rendered":"<div data-elementor-type=\"wp-page\" data-elementor-id=\"2008\" class=\"elementor elementor-2008\" data-elementor-post-type=\"page\">\n\t\t\t\t<div class=\"elementor-element elementor-element-02b729f e-flex e-con-boxed e-con e-parent\" data-id=\"02b729f\" data-element_type=\"container\" data-e-type=\"container\">\n\t\t\t\t\t<div class=\"e-con-inner\">\n\t\t\t\t<div class=\"elementor-element elementor-element-cebafdb elementor-widget elementor-widget-heading\" data-id=\"cebafdb\" data-element_type=\"widget\" data-e-type=\"widget\" data-widget_type=\"heading.default\">\n\t\t\t\t<div class=\"elementor-widget-container\">\n\t\t\t\t\t<h1 class=\"elementor-heading-title elementor-size-default\">Impresionante<\/h1>\t\t\t\t<\/div>\n\t\t\t\t<\/div>\n\t\t\t\t<div class=\"elementor-element elementor-element-80e5fc9 elementor-widget elementor-widget-text-editor\" data-id=\"80e5fc9\" data-element_type=\"widget\" data-e-type=\"widget\" data-widget_type=\"text-editor.default\">\n\t\t\t\t<div class=\"elementor-widget-container\">\n\t\t\t\t\t\t\t\t\t<h3><b>DISE\u00d1O Y PRODUCCI\u00d3N COOMUNICACI\u00d3N SA<\/b><\/h3><p><span style=\"font-weight: 400;\">39, route du Jorat<\/span><\/p><p><span style=\"font-weight: 400;\">1000 Lausana 27<\/span><\/p><p><span style=\"font-weight: 400;\">+41 (0)21 544 58 20<\/span><\/p><p><span style=\"font-weight: 400;\">info@coommunication.com<\/span><\/p><p><span style=\"font-weight: 400;\">www.coommunication.com<\/span><\/p><p>\u00a0<\/p><h3><b>EXENCI\u00d3N DE RESPONSABILIDAD<\/b><\/h3><p><span style=\"font-weight: 400;\">El autor se reserva el derecho de no ser responsable de la actualidad, exactitud, integridad o calidad de la informaci\u00f3n facilitada. Quedan excluidas las reclamaciones de responsabilidad contra el autor relativas a da\u00f1os materiales o inmateriales causados por el acceso, uso o no uso de la informaci\u00f3n publicada, uso indebido de la conexi\u00f3n o fallos t\u00e9cnicos. Todas las ofertas son sin compromiso y no vinculantes. El autor se reserva expresamente el derecho a modificar, completar o eliminar partes de las p\u00e1ginas o la oferta completa, o a cesar temporal o definitivamente la publicaci\u00f3n sin previo aviso.<\/span><\/p><h3><b>\u00a0<\/b><\/h3><h3><b>RESPONSABILIDAD DE LOS ENLACES<\/b><\/h3><p><span style=\"font-weight: 400;\">Las referencias y enlaces a sitios web de terceros est\u00e1n fuera de nuestro \u00e1mbito de responsabilidad. Se rechaza cualquier responsabilidad sobre estos sitios web. El acceso a estos sitios web y su uso corren por cuenta y riesgo del usuario.<\/span><\/p><h3><b>\u00a0<\/b><\/h3><h3><b>COPYRIGHT<\/b><\/h3><p><span style=\"font-weight: 400;\">Los derechos de autor y todos los dem\u00e1s derechos sobre los contenidos, im\u00e1genes, fotos u otros archivos del sitio web pertenecen exclusivamente a <\/span><b>Vet Ginebra<\/b><span style=\"font-weight: 400;\">\u00a0o a titulares de derechos espec\u00edficamente nombrados. Para la reproducci\u00f3n de cualquier elemento debe obtenerse previamente el consentimiento por escrito del titular de los derechos de autor.<\/span><\/p><p><span style=\"font-weight: 400;\">\u00a0<\/span><\/p><h3><b>CONFIDENCIALIDAD<\/b><\/h3><p><span style=\"font-weight: 400;\">De conformidad con el art\u00edculo 13 de la Constituci\u00f3n Federal Suiza y las disposiciones de la Confederaci\u00f3n en materia de protecci\u00f3n de datos (Ley de Protecci\u00f3n de Datos, RGPD), toda persona tiene derecho a la protecci\u00f3n de su intimidad y a la protecci\u00f3n contra el uso indebido de sus datos personales. Nosotros cumplimos esta normativa. Los datos personales se tratan de forma confidencial y no se venden ni se transmiten a terceros. En estrecha colaboraci\u00f3n con nuestros proveedores de alojamiento, hacemos todo lo posible para proteger las bases de datos contra el acceso externo, la p\u00e9rdida, el uso indebido o la falsificaci\u00f3n. Cuando se accede a nuestro sitio web, se almacenan en archivos de registro los siguientes datos: direcci\u00f3n IP, fecha, hora, solicitud del navegador e informaci\u00f3n transmitida en general sobre el sistema operativo o el navegador. Estos datos de uso constituyen la base de evaluaciones estad\u00edsticas y an\u00f3nimas para identificar tendencias, sobre cuya base podemos mejorar nuestras ofertas en consecuencia.<\/span><\/p><p><span style=\"font-weight: 400;\">\u00a0<\/span><\/p><h3><b>DECLARACI\u00d3N DE PROTECCI\u00d3N DE DATOS PARA EL USO DE PLUGINS DE FACEBOOK (COMO EL BOT\u00d3N)<\/b><\/h3><p><span style=\"font-weight: 400;\">En nuestro sitio web est\u00e1n integrados plugins de la red social Facebook, 1601 South California Avenue, Palo Alto, CA 94304, EE.UU.. Los plugins de Facebook se reconocen por el logotipo de Facebook o el bot\u00f3n \"Me gusta\" de nuestro sitio web. Encontrar\u00e1 un resumen de los plugins de Facebook aqu\u00ed: http:\/\/developers.facebook.com\/docs\/plugins\/. Cuando visita nuestro sitio web, el plugin crea una conexi\u00f3n directa entre su navegador y el servidor de Facebook. Facebook recibe la informaci\u00f3n de que ha visitado nuestro sitio junto con su direcci\u00f3n IP. Si hace clic en el bot\u00f3n \"Me gusta\" de Facebook mientras est\u00e1 conectado a su cuenta de Facebook, puede vincular el contenido de nuestras p\u00e1ginas a su perfil de Facebook. Esto permite a Facebook asignar su visita a nuestro sitio web a su cuenta de usuario. Nos gustar\u00eda se\u00f1alar que, como proveedor del sitio web, no tenemos conocimiento del contenido de los datos transmitidos ni de c\u00f3mo los utiliza Facebook. Para m\u00e1s informaci\u00f3n, consulte la pol\u00edtica de privacidad de Facebook en https:\/\/www.facebook.com\/about\/privacy\/. Si no desea que Facebook pueda vincular su visita a nuestro sitio web a su cuenta de usuario de Facebook, cierre la sesi\u00f3n de su cuenta de usuario de Facebook.<\/span><\/p><p>\u00a0<\/p><h3><b>DECLARACI\u00d3N DE PROTECCI\u00d3N DE DATOS PARA EL USO DE GOOGLE ANALYTICS<\/b><\/h3><p><span style=\"font-weight: 400;\">Este sitio web utiliza Google Analytics, un servicio de an\u00e1lisis web prestado por Google Inc (\"Google\"). Google Analytics utiliza \"cookies\", que son archivos de texto ubicados en su ordenador, para ayudar al website a analizar el uso que hacen los usuarios del sitio web. La informaci\u00f3n que genera la cookie acerca de su uso de este sitio web es generalmente transmitida y archivada por Google en los servidores de Estados Unidos. Si se activa la anonimizaci\u00f3n de IP en este sitio web, su direcci\u00f3n IP ser\u00e1 acortada primero por Google en los Estados miembros de la Uni\u00f3n Europea o en otros Estados contratantes del Acuerdo sobre el Espacio Econ\u00f3mico Europeo. La direcci\u00f3n IP completa s\u00f3lo se transferir\u00e1 a un servidor de Google en EE.UU., donde se abreviar\u00e1 en casos excepcionales. Google usar\u00e1 esta informaci\u00f3n por cuenta nuestra con el prop\u00f3sito de seguir la pista de su uso del website, recopilando informes de la actividad del website y prestando otros servicios relacionados con la actividad del website y el uso de Internet. Google podr\u00e1 transmitir dicha informaci\u00f3n a terceros cuando as\u00ed se lo requiera la legislaci\u00f3n, o cuando dichos terceros procesen la informaci\u00f3n por cuenta de Google. La direcci\u00f3n IP transmitida por su navegador como parte de Google Analytics no se compartir\u00e1 con terceros.<\/span><\/p>\t\t\t\t\t\t\t\t<\/div>\n\t\t\t\t<\/div>\n\t\t\t\t\t<\/div>\n\t\t\t\t<\/div>\n\t\t\t\t<\/div>","protected":false},"excerpt":{"rendered":"<p>Impressum DESIGN ET PRODUCTION COOMMUNICATION SA 39, route du Jorat 1000 Lausanne 27 +41 (0)21 544 58 20 info@coommunication.com www.coommunication.com \u00a0 AVIS DE NON-RESPONSABILIT\u00c9 L\u2019auteur d\u00e9cline toute responsabilit\u00e9 quant \u00e0 l\u2019exactitude, l\u2019actualit\u00e9, la fiabilit\u00e9 et l\u2019exhaustivit\u00e9 des informations. Les demandes de responsabilit\u00e9 contre l\u2019auteur en raison de dommages mat\u00e9riels ou immat\u00e9riels r\u00e9sultant de l\u2019acc\u00e8s, de [&hellip;]<\/p>\n","protected":false},"author":2,"featured_media":0,"parent":0,"menu_order":0,"comment_status":"closed","ping_status":"closed","template":"elementor_header_footer","meta":{"footnotes":""},"class_list":["post-2008","page","type-page","status-publish","hentry"],"yoast_head":"<!-- This site is optimized with the Yoast SEO plugin v27.3 - https:\/\/yoast.com\/product\/yoast-seo-wordpress\/ -->\n<title>Impressum - Centre VetGen\u00e8ve<\/title>\n<meta name=\"robots\" content=\"index, follow, max-snippet:-1, max-image-preview:large, max-video-preview:-1\" \/>\n<link rel=\"canonical\" href=\"https:\/\/www.centrevetgeneve.ch\/es\/impressum\/\" \/>\n<meta property=\"og:locale\" content=\"es_ES\" \/>\n<meta property=\"og:type\" content=\"article\" \/>\n<meta property=\"og:title\" content=\"Impressum - Centre VetGen\u00e8ve\" \/>\n<meta property=\"og:description\" content=\"Impressum DESIGN ET PRODUCTION COOMMUNICATION SA 39, route du Jorat 1000 Lausanne 27 +41 (0)21 544 58 20 info@coommunication.com www.coommunication.com \u00a0 AVIS DE NON-RESPONSABILIT\u00c9 L\u2019auteur d\u00e9cline toute responsabilit\u00e9 quant \u00e0 l\u2019exactitude, l\u2019actualit\u00e9, la fiabilit\u00e9 et l\u2019exhaustivit\u00e9 des informations. Les demandes de responsabilit\u00e9 contre l\u2019auteur en raison de dommages mat\u00e9riels ou immat\u00e9riels r\u00e9sultant de l\u2019acc\u00e8s, de [&hellip;]\" \/>\n<meta property=\"og:url\" content=\"https:\/\/www.centrevetgeneve.ch\/es\/impressum\/\" \/>\n<meta property=\"og:site_name\" content=\"Centre VetGen\u00e8ve\" \/>\n<meta property=\"article:publisher\" content=\"https:\/\/www.facebook.com\/VetGeneve\" \/>\n<meta property=\"article:modified_time\" content=\"2024-02-08T10:05:48+00:00\" \/>\n<meta name=\"twitter:card\" content=\"summary_large_image\" \/>\n<meta name=\"twitter:label1\" content=\"Tiempo de lectura\" \/>\n\t<meta name=\"twitter:data1\" content=\"5 minutos\" \/>\n<script type=\"application\/ld+json\" class=\"yoast-schema-graph\">{\"@context\":\"https:\\\/\\\/schema.org\",\"@graph\":[{\"@type\":\"WebPage\",\"@id\":\"https:\\\/\\\/www.centrevetgeneve.ch\\\/impressum\\\/\",\"url\":\"https:\\\/\\\/www.centrevetgeneve.ch\\\/impressum\\\/\",\"name\":\"Impressum - Centre VetGen\u00e8ve\",\"isPartOf\":{\"@id\":\"https:\\\/\\\/www.centrevetgeneve.ch\\\/#website\"},\"datePublished\":\"2024-02-08T10:04:32+00:00\",\"dateModified\":\"2024-02-08T10:05:48+00:00\",\"breadcrumb\":{\"@id\":\"https:\\\/\\\/www.centrevetgeneve.ch\\\/impressum\\\/#breadcrumb\"},\"inLanguage\":\"es\",\"potentialAction\":[{\"@type\":\"ReadAction\",\"target\":[\"https:\\\/\\\/www.centrevetgeneve.ch\\\/impressum\\\/\"]}]},{\"@type\":\"BreadcrumbList\",\"@id\":\"https:\\\/\\\/www.centrevetgeneve.ch\\\/impressum\\\/#breadcrumb\",\"itemListElement\":[{\"@type\":\"ListItem\",\"position\":1,\"name\":\"Accueil\",\"item\":\"https:\\\/\\\/www.centrevetgeneve.ch\\\/\"},{\"@type\":\"ListItem\",\"position\":2,\"name\":\"Impressum\"}]},{\"@type\":\"WebSite\",\"@id\":\"https:\\\/\\\/www.centrevetgeneve.ch\\\/#website\",\"url\":\"https:\\\/\\\/www.centrevetgeneve.ch\\\/\",\"name\":\"Centre VetGen\u00e8ve\",\"description\":\"\",\"publisher\":{\"@id\":\"https:\\\/\\\/www.centrevetgeneve.ch\\\/#organization\"},\"potentialAction\":[{\"@type\":\"SearchAction\",\"target\":{\"@type\":\"EntryPoint\",\"urlTemplate\":\"https:\\\/\\\/www.centrevetgeneve.ch\\\/?s={search_term_string}\"},\"query-input\":{\"@type\":\"PropertyValueSpecification\",\"valueRequired\":true,\"valueName\":\"search_term_string\"}}],\"inLanguage\":\"es\"},{\"@type\":\"Organization\",\"@id\":\"https:\\\/\\\/www.centrevetgeneve.ch\\\/#organization\",\"name\":\"Centre VetGen\u00e8ve\",\"url\":\"https:\\\/\\\/www.centrevetgeneve.ch\\\/\",\"logo\":{\"@type\":\"ImageObject\",\"inLanguage\":\"es\",\"@id\":\"https:\\\/\\\/www.centrevetgeneve.ch\\\/#\\\/schema\\\/logo\\\/image\\\/\",\"url\":\"https:\\\/\\\/www.centrevetgeneve.ch\\\/wp-content\\\/uploads\\\/2023\\\/12\\\/vetgeneve_logo_horizontal_rvb.svg\",\"contentUrl\":\"https:\\\/\\\/www.centrevetgeneve.ch\\\/wp-content\\\/uploads\\\/2023\\\/12\\\/vetgeneve_logo_horizontal_rvb.svg\",\"caption\":\"Centre VetGen\u00e8ve\"},\"image\":{\"@id\":\"https:\\\/\\\/www.centrevetgeneve.ch\\\/#\\\/schema\\\/logo\\\/image\\\/\"},\"sameAs\":[\"https:\\\/\\\/www.facebook.com\\\/VetGeneve\"]}]}<\/script>\n<!-- \/ Yoast SEO plugin. -->","yoast_head_json":{"title":"Impressum - Centre VetGen\u00e8ve","robots":{"index":"index","follow":"follow","max-snippet":"max-snippet:-1","max-image-preview":"max-image-preview:large","max-video-preview":"max-video-preview:-1"},"canonical":"https:\/\/www.centrevetgeneve.ch\/es\/impressum\/","og_locale":"es_ES","og_type":"article","og_title":"Impressum - Centre VetGen\u00e8ve","og_description":"Impressum DESIGN ET PRODUCTION COOMMUNICATION SA 39, route du Jorat 1000 Lausanne 27 +41 (0)21 544 58 20 info@coommunication.com www.coommunication.com \u00a0 AVIS DE NON-RESPONSABILIT\u00c9 L\u2019auteur d\u00e9cline toute responsabilit\u00e9 quant \u00e0 l\u2019exactitude, l\u2019actualit\u00e9, la fiabilit\u00e9 et l\u2019exhaustivit\u00e9 des informations. Les demandes de responsabilit\u00e9 contre l\u2019auteur en raison de dommages mat\u00e9riels ou immat\u00e9riels r\u00e9sultant de l\u2019acc\u00e8s, de [&hellip;]","og_url":"https:\/\/www.centrevetgeneve.ch\/es\/impressum\/","og_site_name":"Centre VetGen\u00e8ve","article_publisher":"https:\/\/www.facebook.com\/VetGeneve","article_modified_time":"2024-02-08T10:05:48+00:00","twitter_card":"summary_large_image","twitter_misc":{"Tiempo de lectura":"5 minutos"},"schema":{"@context":"https:\/\/schema.org","@graph":[{"@type":"WebPage","@id":"https:\/\/www.centrevetgeneve.ch\/impressum\/","url":"https:\/\/www.centrevetgeneve.ch\/impressum\/","name":"Impressum - Centre VetGen\u00e8ve","isPartOf":{"@id":"https:\/\/www.centrevetgeneve.ch\/#website"},"datePublished":"2024-02-08T10:04:32+00:00","dateModified":"2024-02-08T10:05:48+00:00","breadcrumb":{"@id":"https:\/\/www.centrevetgeneve.ch\/impressum\/#breadcrumb"},"inLanguage":"es","potentialAction":[{"@type":"ReadAction","target":["https:\/\/www.centrevetgeneve.ch\/impressum\/"]}]},{"@type":"BreadcrumbList","@id":"https:\/\/www.centrevetgeneve.ch\/impressum\/#breadcrumb","itemListElement":[{"@type":"ListItem","position":1,"name":"Accueil","item":"https:\/\/www.centrevetgeneve.ch\/"},{"@type":"ListItem","position":2,"name":"Impressum"}]},{"@type":"WebSite","@id":"https:\/\/www.centrevetgeneve.ch\/#website","url":"https:\/\/www.centrevetgeneve.ch\/","name":"Centro VetGen\u00e8ve","description":"","publisher":{"@id":"https:\/\/www.centrevetgeneve.ch\/#organization"},"potentialAction":[{"@type":"SearchAction","target":{"@type":"EntryPoint","urlTemplate":"https:\/\/www.centrevetgeneve.ch\/?s={search_term_string}"},"query-input":{"@type":"PropertyValueSpecification","valueRequired":true,"valueName":"search_term_string"}}],"inLanguage":"es"},{"@type":"Organization","@id":"https:\/\/www.centrevetgeneve.ch\/#organization","name":"Centro VetGen\u00e8ve","url":"https:\/\/www.centrevetgeneve.ch\/","logo":{"@type":"ImageObject","inLanguage":"es","@id":"https:\/\/www.centrevetgeneve.ch\/#\/schema\/logo\/image\/","url":"https:\/\/www.centrevetgeneve.ch\/wp-content\/uploads\/2023\/12\/vetgeneve_logo_horizontal_rvb.svg","contentUrl":"https:\/\/www.centrevetgeneve.ch\/wp-content\/uploads\/2023\/12\/vetgeneve_logo_horizontal_rvb.svg","caption":"Centre VetGen\u00e8ve"},"image":{"@id":"https:\/\/www.centrevetgeneve.ch\/#\/schema\/logo\/image\/"},"sameAs":["https:\/\/www.facebook.com\/VetGeneve"]}]}},"_links":{"self":[{"href":"https:\/\/www.centrevetgeneve.ch\/es\/wp-json\/wp\/v2\/pages\/2008","targetHints":{"allow":["GET"]}}],"collection":[{"href":"https:\/\/www.centrevetgeneve.ch\/es\/wp-json\/wp\/v2\/pages"}],"about":[{"href":"https:\/\/www.centrevetgeneve.ch\/es\/wp-json\/wp\/v2\/types\/page"}],"author":[{"embeddable":true,"href":"https:\/\/www.centrevetgeneve.ch\/es\/wp-json\/wp\/v2\/users\/2"}],"replies":[{"embeddable":true,"href":"https:\/\/www.centrevetgeneve.ch\/es\/wp-json\/wp\/v2\/comments?post=2008"}],"version-history":[{"count":4,"href":"https:\/\/www.centrevetgeneve.ch\/es\/wp-json\/wp\/v2\/pages\/2008\/revisions"}],"predecessor-version":[{"id":2014,"href":"https:\/\/www.centrevetgeneve.ch\/es\/wp-json\/wp\/v2\/pages\/2008\/revisions\/2014"}],"wp:attachment":[{"href":"https:\/\/www.centrevetgeneve.ch\/es\/wp-json\/wp\/v2\/media?parent=2008"}],"curies":[{"name":"wp","href":"https:\/\/api.w.org\/{rel}","templated":true}]}}